{"id":131,"date":"2020-09-22T00:04:50","date_gmt":"2020-09-22T00:04:50","guid":{"rendered":"http:\/\/www.valmoral.org\/site\/?page_id=131"},"modified":"2026-04-06T16:20:02","modified_gmt":"2026-04-06T16:20:02","slug":"valor-del-mes","status":"publish","type":"page","link":"https:\/\/valmoral.org\/site\/valor-del-mes\/","title":{"rendered":"Valor del mes"},"content":{"rendered":"<div class=\"wpb-content-wrapper\"><p>[vc_row row_style=\u00bbfull-width\u00bb padding_size=\u00bbno-padding\u00bb][vc_column padding_size=\u00bbno-padding\u00bb][wyde_section_separator style=\u00bb3&#8243; background_color=\u00bb#ffffff\u00bb shape_color=\u00bbrgba(255,255,255,0.3)\u00bb][\/vc_column][\/vc_row][vc_row][vc_column][vc_empty_space height=\u00bb60px\u00bb][vc_row_inner][vc_column_inner width=\u00bb1\/4&#8243;][wyde_heading style=\u00bb4&#8243; title=\u00bbValor\u00bb heading_color=\u00bb#2182c5&#8243; subheading=\u00bbDel Mes\u00bb][\/vc_column_inner][vc_column_inner width=\u00bb1\/2&#8243;][vc_column_text]<b><span data-contrast=\"auto\">Responsabilidad: El Valor que Transforma Promesas en Resultados<\/span><\/b><span data-ccp-props=\"{}\">\u00a0<\/span><\/p>\n<p><span data-contrast=\"auto\">La responsabilidad es mucho m\u00e1s que cumplir con una obligaci\u00f3n: es la base de la confianza, la excelencia y el liderazgo personal. Es la <\/span><b><span data-contrast=\"auto\">habilidad de responder<\/span><\/b><span data-contrast=\"auto\"> con integridad ante cada reto y compromiso que asumimos.<\/span><span data-ccp-props=\"{}\">\u00a0<\/span><\/p>\n<p><span data-contrast=\"auto\">En un entorno profesional y personal cada vez m\u00e1s exigente, ser responsable no significa simplemente \u00abhacer la tarea\u00bb, sino <\/span><b><span data-contrast=\"auto\">asegurar el resultado<\/span><\/b><span data-contrast=\"auto\">. Es entender que nuestras decisiones tienen un impacto directo en nuestro equipo, nuestra familia y nuestra comunidad.<\/span><span data-ccp-props=\"{}\">\u00a0<\/span><\/p>\n<p><span data-contrast=\"auto\">Practicar la responsabilidad no es una carga, sino una herramienta de poder personal. Cuando dejamos de lado las excusas y el victimismo, recuperamos el control sobre nuestro futuro. Ser responsable es tener la madurez de enfocarse en las soluciones, aprender de los errores y mantener la palabra empe\u00f1ada, incluso cuando nadie nos est\u00e1 mirando.<\/span><span data-ccp-props=\"{}\">\u00a0<\/span><\/p>\n<p><span data-contrast=\"auto\">Cuando cultivamos la responsabilidad, fortalecemos nuestra <\/span><b><span data-contrast=\"auto\">marca personal<\/span><\/b><span data-contrast=\"auto\">, mejoramos la eficiencia de nuestras organizaciones y construimos una sociedad donde la confianza es el motor del progreso.<\/span><span data-ccp-props=\"{}\">\u00a0<\/span><\/p>\n<p><span data-contrast=\"auto\">Descubre c\u00f3mo impulsar este valor a trav\u00e9s de sus cuatro pilares: el cuidado de uno mismo, la madurez en las relaciones, la planificaci\u00f3n del tiempo y el control de nuestros recursos.<\/span><span data-ccp-props=\"{}\">\u00a0<\/span><\/p>\n<p><span data-contrast=\"auto\">\u00a1Construyamos juntos una cultura de integridad y resultados!<\/span><span data-ccp-props=\"{}\">\u00a0<\/span>[\/vc_column_text][\/vc_column_inner][vc_column_inner text_align=\u00bbcenter\u00bb width=\u00bb1\/4&#8243;][vc_single_image alignment=\u00bbcenter\u00bb onclick=\u00bblink_image\u00bb image=\u00bb2799&#8243;][vc_custom_heading text=\u00bbBolet\u00edn\u00bb font_container=\u00bbtag:h4|text_align:center|color:%232182c5&#8243; use_theme_fonts=\u00bbyes\u00bb css=\u00bb.vc_custom_1605631651653{margin-top: 15px !important;margin-bottom: 15px !important;}\u00bb][wyde_link_button icon=\u00bbfa fa-arrow-circle-down\u00bb title=\u00bbDescargar\u00bb color=\u00bb#ffffff\u00bb bg_color=\u00bb#2182c5&#8243; link=\u00bburl:https%3A%2F%2Fvalmoral.org%2Fsite%2Fwp-content%2Fuploads%2F2026%2F04%2FBoletin-Propositos-Responsabilidad.pdf|title:Autoestima|target:_blank\u00bb css=\u00bb.vc_custom_1775492072438{background-color: #2182c5 !important;}\u00bb][\/vc_column_inner][\/vc_row_inner][wyde_separator label_style=\u00bbicon\u00bb icon=\u00bbfa fa-youtube-play\u00bb text_align=\u00bbcenter\u00bb style=\u00bbdashed\u00bb border_width=\u00bb3px\u00bb el_width=\u00bb60%\u00bb color=\u00bb#e8e8e8&#8243; css=\u00bb.vc_custom_1604936567303{margin-top: 60px !important;margin-bottom: 60px !important;}\u00bb][vc_row_inner][vc_column_inner width=\u00bb1\/4&#8243;][vc_video media_url=\u00bbhttps:\/\/www.youtube.com\/watch?v=oBVnY5FLWdc&amp;list=PLQLCRDifB-I5tW9IhWopz7OWtF2g1IIXY&amp;index=4&#8243; el_class=\u00bbsombra_azul\u00bb][\/vc_column_inner][vc_column_inner width=\u00bb1\/4&#8243;][vc_video media_url=\u00bbhttps:\/\/www.youtube.com\/watch?v=BNHuB1nG-Rk&amp;list=PLQLCRDifB-I5tW9IhWopz7OWtF2g1IIXY&amp;index=3&#8243; el_class=\u00bbsombra_azul\u00bb][\/vc_column_inner][vc_column_inner width=\u00bb1\/4&#8243;][vc_video media_url=\u00bbhttps:\/\/www.youtube.com\/watch?v=8Z1w1XmtZ74&amp;list=PLQLCRDifB-I5tW9IhWopz7OWtF2g1IIXY&amp;index=2&#8243; el_class=\u00bbsombra_azul\u00bb][\/vc_column_inner][vc_column_inner width=\u00bb1\/4&#8243;][vc_video media_url=\u00bbhttps:\/\/www.youtube.com\/watch?v=rJfqlZ7G-BQ&amp;list=PLQLCRDifB-I5tW9IhWopz7OWtF2g1IIXY&amp;index=1&#8243;][\/vc_column_inner][\/vc_row_inner][wyde_separator label_style=\u00bbicon\u00bb icon=\u00bbfa fa-bullhorn\u00bb text_align=\u00bbcenter\u00bb style=\u00bbdashed\u00bb border_width=\u00bb3px\u00bb el_width=\u00bb60%\u00bb color=\u00bb#e8e8e8&#8243; css=\u00bb.vc_custom_1604936574322{margin-top: 60px !important;margin-bottom: 60px !important;}\u00bb][vc_row_inner][vc_column_inner width=\u00bb1\/4&#8243;][wyde_heading style=\u00bb4&#8243; title=\u00bbCharla\u00bb heading_color=\u00bb#2182c5&#8243; subheading=\u00bbEjecutiva\u00bb][\/vc_column_inner][vc_column_inner width=\u00bb1\/2&#8243;][vc_column_text]<b><span data-contrast=\"auto\">Charla Ejecutiva: Responsabilidad<\/span><\/b><span data-ccp-props=\"{}\">\u00a0<\/span><\/p>\n<p><span data-contrast=\"auto\">\u00bfTu equipo cumple\u2026 o realmente asegura resultados?<\/span><span data-ccp-props=\"{}\">\u00a0<\/span><\/p>\n<p><span data-contrast=\"auto\">Descubre en esta charla c\u00f3mo eliminar la cultura de la excusa, fortalecer la confianza y desarrollar equipos m\u00e1s comprometidos, productivos y confiables.<\/span><span data-ccp-props=\"{}\">\u00a0<\/span>[\/vc_column_text][\/vc_column_inner][vc_column_inner width=\u00bb1\/4&#8243;][vc_video][\/vc_column_inner][vc_column_inner][\/vc_column_inner][\/vc_row_inner][\/vc_column][\/vc_row][vc_row row_style=\u00bbfull-width\u00bb padding_size=\u00bbno-padding\u00bb][vc_column padding_size=\u00bbno-padding\u00bb][wyde_image_gallery image_size=\u00bbaoraki-medium\u00bb gallery_type=\u00bbslider\u00bb visible_items=\u00bb4&#8243; speed=\u00bb5&#8243; show_navigation=\u00bbtrue\u00bb loop=\u00bbtrue\u00bb auto_play=\u00bbtrue\u00bb images=\u00bb2796,2795,2794,2793,2792,2791,2790,2789,2787,2788,2786,2785,2784,2783,2782,2781&#8243;][\/vc_column][\/vc_row][vc_row background_mode=\u00bbimage\u00bb background_overlay=\u00bbcolor\u00bb overlay_color=\u00bb#2182c5&#8243; overlay_opacity=\u00bb0.9&#8243; parallax=\u00bbparallax\u00bb background_image=\u00bb180&#8243; bg_image_url=\u00bbhttps:\/\/valmoral.org\/site\/wp-content\/uploads\/2020\/09\/slide02-150&#215;150.jpg\u00bb][vc_column text_style=\u00bblight\u00bb text_align=\u00bbcenter\u00bb][vc_empty_space height=\u00bb60px\u00bb][wyde_icon_block icon=\u00bbfa fa-comment\u00bb size=\u00bbmedium\u00bb hover=\u00bb2&#8243; bg_color=\u00bb#e6c924&#8243; css=\u00bb.vc_custom_1608051834276{background-color: #e6c924 !important;}\u00bb][vc_empty_space height=\u00bb15px\u00bb][vc_column_text css=\u00bb.vc_custom_1775492399186{padding-right: 25% !important;padding-left: 25% !important;}\u00bb]<\/p>\n<h4 style=\"text-align: center;\">\u00abLa responsabilidad es la habilidad de responder con integridad ante cada compromiso. No se trata solo de cumplir tareas, sino de asegurar resultados y honrar la confianza que otros depositan en nosotros. Es el arte de ser due\u00f1os de nuestras acciones y de sus consecuencias. Descubre c\u00f3mo la responsabilidad puede transformar tu marca personal, tu equipo y tu vida.\u00bb<\/h4>\n<p>[\/vc_column_text][vc_empty_space height=\u00bb90px\u00bb][\/vc_column][\/vc_row][vc_row row_style=\u00bbfull-width\u00bb padding_size=\u00bbno-padding\u00bb][vc_column padding_size=\u00bbno-padding\u00bb][wyde_section_separator style=\u00bb3&#8243; background_color=\u00bb#ffffff\u00bb shape_color=\u00bbrgba(255,255,255,0.3)\u00bb][\/vc_column][\/vc_row][vc_row padding_size=\u00bbm-padding\u00bb][vc_column][vc_empty_space height=\u00bb60px\u00bb][wyde_heading style=\u00bb10&#8243; text_align=\u00bbcenter\u00bb title=\u00bbValores del a\u00f1o\u00bb heading_color=\u00bb#2182c5&#8243;][vc_empty_space height=\u00bb90px\u00bb][vc_row_inner][vc_column_inner text_align=\u00bbcenter\u00bb width=\u00bb1\/3&#8243;][wyde_info_box icon=\u00bbfa fa-flag-o\u00bb icon_size=\u00bbmedium\u00bb color=\u00bb#84a628&#8243; title=\u00bbCompromiso\u00bb]<\/p>\n<p style=\"text-align: center;\">El compromiso es una actitud que implica la responsabilidad de cumplir con las tareas y obligaciones adquiridas, ya sea en el \u00e1mbito personal, laboral o comunitario, demostrando un alto grado de dedicaci\u00f3n, perseverancia y entrega.<\/p>\n<p style=\"text-align: center;\"><strong>Leer m\u00e1s<\/strong><\/p>\n<p>[\/wyde_info_box][\/vc_column_inner][vc_column_inner text_align=\u00bbcenter\u00bb width=\u00bb1\/3&#8243;][wyde_info_box icon=\u00bbfa fa-users\u00bb icon_size=\u00bbmedium\u00bb color=\u00bb#d0880c\u00bb title=\u00bbComunicaci\u00f3n\u00bb]<\/p>\n<p style=\"text-align: center;\">La comunicaci\u00f3n es un valor que implica la capacidad de transmitir de manera efectiva y clara ideas, sentimientos y pensamientos, tanto en el \u00e1mbito personal como laboral y comunitario, promoviendo la comprensi\u00f3n, el respeto y la armon\u00eda.<\/p>\n<p style=\"text-align: center;\"><strong>Leer m\u00e1s<\/strong><\/p>\n<p>[\/wyde_info_box][\/vc_column_inner][vc_column_inner text_align=\u00bbcenter\u00bb width=\u00bb1\/3&#8243;][wyde_info_box icon=\u00bbfa fa-cubes\u00bb icon_size=\u00bbmedium\u00bb color=\u00bb#e6c924&#8243; title=\u00bbCr\u00edtica Constructiva\u00bb]<\/p>\n<p style=\"text-align: center;\">La cr\u00edtica constructiva es una actitud que implica la habilidad de ofrecer opiniones, sugerencias y comentarios de manera respetuosa, asertiva y sin ofender, con el prop\u00f3sito de ayudar a mejorar la calidad de una situaci\u00f3n, producto o proceso.<\/p>\n<p style=\"text-align: center;\"><strong>Leer m\u00e1s<\/strong><\/p>\n<p>[\/wyde_info_box][\/vc_column_inner][\/vc_row_inner][\/vc_column][\/vc_row][vc_row row_style=\u00bbfull-width\u00bb padding_size=\u00bbno-padding\u00bb][vc_column padding_size=\u00bbno-padding\u00bb][wyde_section_separator style=\u00bb3&#8243; reflect=\u00bbreflect-h\u00bb overlap=\u00bbbottom\u00bb background_color=\u00bb#ffffff\u00bb shape_color=\u00bbrgba(255,255,255,0.34)\u00bb][\/vc_column][\/vc_row][vc_row padding_size=\u00bbl-padding\u00bb background_mode=\u00bbcolor\u00bb background_color=\u00bb#e8e8e8&#8243;][vc_column][vc_empty_space height=\u00bb60px\u00bb][vc_row_inner][vc_column_inner text_align=\u00bbcenter\u00bb width=\u00bb1\/3&#8243;][wyde_info_box icon=\u00bbfa fa-comments-o\u00bb icon_size=\u00bbmedium\u00bb color=\u00bb#2182c5&#8243; title=\u00bbInnovaci\u00f3n\u00bb]<\/p>\n<p style=\"text-align: center;\">La innovaci\u00f3n es un valor que implica la habilidad de buscar nuevas soluciones, ideas y formas de hacer las cosas, tanto en el \u00e1mbito personal como laboral y comunitario, para lograr resultados m\u00e1s efectivos, eficientes y satisfactorios.<\/p>\n<p style=\"text-align: center;\"><strong>Leer m\u00e1s<\/strong><\/p>\n<p>[\/wyde_info_box][\/vc_column_inner][vc_column_inner text_align=\u00bbcenter\u00bb width=\u00bb1\/3&#8243;][wyde_info_box icon=\u00bbfa fa-thumbs-o-up\u00bb icon_size=\u00bbmedium\u00bb color=\u00bb#c3d22c\u00bb title=\u00bbGratitud\u00bb]<\/p>\n<p style=\"text-align: center;\">La gratitud es un valor que implica la actitud de reconocer y valorar las cosas buenas que se reciben, ya sea en el \u00e1mbito personal, laboral o comunitario, y expresar de manera sincera el agradecimiento por ellas.<\/p>\n<p style=\"text-align: center;\"><strong>Leer m\u00e1s<\/strong><\/p>\n<p>[\/wyde_info_box][\/vc_column_inner][vc_column_inner text_align=\u00bbcenter\u00bb width=\u00bb1\/3&#8243;][wyde_info_box icon_set=\u00bbstroke_gap\u00bb icon_stroke_gap=\u00bbsg-Tools\u00bb icon_size=\u00bbmedium\u00bb color=\u00bb#294582&#8243; title=\u00bbOrden\u00bb]<\/p>\n<p style=\"text-align: center;\">El orden es un valor que implica la habilidad de organizar y estructurar las cosas de manera sistem\u00e1tica y eficiente, tanto en el \u00e1mbito personal como laboral y comunitario, para lograr una mejor productividad y una mayor efectividad.<\/p>\n<p style=\"text-align: center;\"><strong>Leer m\u00e1s<\/strong><\/p>\n<p>[\/wyde_info_box][\/vc_column_inner][\/vc_row_inner][\/vc_column][\/vc_row][vc_row row_style=\u00bbfull-width\u00bb padding_size=\u00bbno-padding\u00bb][vc_column padding_size=\u00bbno-padding\u00bb][wyde_section_separator style=\u00bb3&#8243; reflect=\u00bbreflect-h\u00bb overlap=\u00bbbottom\u00bb background_color=\u00bb#e8e8e8&#8243; shape_color=\u00bbrgba(232,232,232,0.31)\u00bb][\/vc_column][\/vc_row][vc_row padding_size=\u00bbl-padding\u00bb][vc_column][vc_empty_space height=\u00bb60px\u00bb][vc_row_inner][vc_column_inner text_align=\u00bbcenter\u00bb width=\u00bb1\/3&#8243;][wyde_info_box icon=\u00bbfa fa-check-circle\u00bb icon_size=\u00bbmedium\u00bb color=\u00bb#84a628&#8243; title=\u00bbTransparencia\u00bb]<\/p>\n<p style=\"text-align: center;\">La transparencia es un valor que implica la actitud de actuar con honestidad, integridad y claridad en todas las actividades y relaciones, tanto en el \u00e1mbito personal como laboral y comunitario, promoviendo la confianza y la credibilidad.<\/p>\n<p style=\"text-align: center;\"><strong>Leer m\u00e1s<\/strong><\/p>\n<p>[\/wyde_info_box][\/vc_column_inner][vc_column_inner text_align=\u00bbcenter\u00bb width=\u00bb1\/3&#8243;][wyde_info_box icon=\u00bbfa fa-eye\u00bb icon_size=\u00bbmedium\u00bb color=\u00bb#d0880c\u00bb title=\u00bbAprendizaje\u00bb]<\/p>\n<p style=\"text-align: center;\">El aprendizaje es un valor que implica la actitud de estar siempre dispuesto a adquirir nuevos conocimientos, habilidades y competencias, tanto en el \u00e1mbito personal como laboral y comunitario, para mejorar continuamente y enfrentar los desaf\u00edos del futuro.<\/p>\n<p style=\"text-align: center;\"><strong>Leer m\u00e1s<\/strong><\/p>\n<p>[\/wyde_info_box][\/vc_column_inner][vc_column_inner text_align=\u00bbcenter\u00bb width=\u00bb1\/3&#8243;][wyde_info_box icon=\u00bbfa fa-child\u00bb icon_size=\u00bbmedium\u00bb color=\u00bb#e6c924&#8243; title=\u00bbComprensi\u00f3n\u00bb]<\/p>\n<p style=\"text-align: center;\">La comprensi\u00f3n es un valor que implica la actitud de ser emp\u00e1tico y respetuoso con las necesidades, sentimientos y perspectivas de los dem\u00e1s, tanto en el \u00e1mbito personal como laboral y comunitario, promoviendo la armon\u00eda y la cooperaci\u00f3n.<\/p>\n<p style=\"text-align: center;\"><strong>Leer m\u00e1s<\/strong><\/p>\n<p>[\/wyde_info_box][\/vc_column_inner][\/vc_row_inner][\/vc_column][\/vc_row][vc_row row_style=\u00bbfull-width\u00bb padding_size=\u00bbno-padding\u00bb][vc_column padding_size=\u00bbno-padding\u00bb][wyde_section_separator style=\u00bb3&#8243; reflect=\u00bbreflect-h\u00bb overlap=\u00bbbottom\u00bb background_color=\u00bb#ffffff\u00bb shape_color=\u00bbrgba(255,255,255,0.32)\u00bb][\/vc_column][\/vc_row][vc_row padding_size=\u00bbxl-padding\u00bb background_mode=\u00bbimage\u00bb background_color=\u00bb#e8e8e8&#8243;][vc_column][vc_empty_space][vc_row_inner][vc_column_inner text_align=\u00bbcenter\u00bb width=\u00bb1\/3&#8243;][wyde_info_box icon=\u00bbfa fa-globe\u00bb icon_size=\u00bbmedium\u00bb color=\u00bb#2182c5&#8243; title=\u00bb\u00c9tica\u00bb]<\/p>\n<p style=\"text-align: center;\">La \u00e9tica es un valor que implica el comportamiento justo, honrado, responsable y respetuoso en todas las actividades y relaciones, tanto en el \u00e1mbito personal como laboral y comunitario, promoviendo la integridad y la equidad.<\/p>\n<p style=\"text-align: center;\"><strong>Leer m\u00e1s<\/strong><\/p>\n<p>[\/wyde_info_box][\/vc_column_inner][vc_column_inner text_align=\u00bbcenter\u00bb width=\u00bb1\/3&#8243;][wyde_info_box icon=\u00bbfa fa-sign-language\u00bb icon_size=\u00bbmedium\u00bb color=\u00bb#c3d22c\u00bb title=\u00bbServicio\u00bb]<\/p>\n<p style=\"text-align: center;\">El servicio es un valor que implica la actitud de estar siempre dispuesto a ayudar y apoyar a los dem\u00e1s, tanto en el \u00e1mbito personal como laboral y comunitario, promoviendo el bienestar y la solidaridad.<\/p>\n<p style=\"text-align: center;\"><strong>Leer m\u00e1s<\/strong><\/p>\n<p>[\/wyde_info_box][\/vc_column_inner][vc_column_inner text_align=\u00bbcenter\u00bb width=\u00bb1\/3&#8243;][wyde_info_box icon=\u00bbfa fa-heart-o\u00bb icon_size=\u00bbmedium\u00bb color=\u00bb#294582&#8243; title=\u00bbPresupuesto Familiar\u00bb]<\/p>\n<p style=\"text-align: center;\">El presupuesto familiar es un valor que implica la habilidad de gestionar eficientemente los recursos econ\u00f3micos de la familia, de manera que se cubran adecuadamente las necesidades b\u00e1sicas y se pueda disfrutar de un nivel de vida satisfactorio, tanto en el \u00e1mbito personal como laboral y comunitario.<\/p>\n<p style=\"text-align: center;\"><strong>Leer m\u00e1s<\/strong><\/p>\n<p>[\/wyde_info_box][\/vc_column_inner][\/vc_row_inner][\/vc_column][\/vc_row]<\/p>\n<\/div>","protected":false},"excerpt":{"rendered":"<p>[vc_row row_style=\u00bbfull-width\u00bb padding_size=\u00bbno-padding\u00bb][vc_column padding_size=\u00bbno-padding\u00bb][wyde_section_separator style=\u00bb3&#8243; background_color=\u00bb#ffffff\u00bb shape_color=\u00bbrgba(255,255,255,0.3)\u00bb][\/vc_column][\/vc_row][vc_row][vc_column][vc_empty_space height=\u00bb60px\u00bb][vc_row_inner][vc_column_inner width=\u00bb1\/4&#8243;][wyde_heading style=\u00bb4&#8243; title=\u00bbValor\u00bb heading_color=\u00bb#2182c5&#8243; subheading=\u00bbDel Mes\u00bb][\/vc_column_inner][vc_column_inner width=\u00bb1\/2&#8243;][vc_column_text]Responsabilidad: El Valor que Transforma Promesas en Resultados\u00a0 La responsabilidad es mucho m\u00e1s que cumplir con una obligaci\u00f3n: es la base de la confianza, la excelencia y el liderazgo personal. Es la habilidad de responder con integridad ante cada reto y [&hellip;]<\/p>\n","protected":false},"author":2,"featured_media":0,"parent":0,"menu_order":0,"comment_status":"closed","ping_status":"closed","template":"","meta":{"inline_featured_image":false,"advgb_blocks_editor_width":"","advgb_blocks_columns_visual_guide":"","pgc_sgb_lightbox_settings":"","footnotes":""},"class_list":["post-131","page","type-page","status-publish","hentry"],"coauthors":[],"author_meta":{"author_link":"https:\/\/valmoral.org\/site\/author\/admin\/","display_name":"admin"},"relative_dates":{"created":"Publicado 6 a\u00f1os hace","modified":"Actualizado 5 horas hace"},"absolute_dates":{"created":"Publicado el 22 de septiembre de 2020","modified":"Actualizado el 6 de abril de 2026"},"absolute_dates_time":{"created":"Publicado el 22 de septiembre de 2020 00:04","modified":"Actualizado el 6 de abril de 2026 16:20"},"featured_img_caption":"","featured_img":false,"series_order":"","_links":{"self":[{"href":"https:\/\/valmoral.org\/site\/wp-json\/wp\/v2\/pages\/131","targetHints":{"allow":["GET"]}}],"collection":[{"href":"https:\/\/valmoral.org\/site\/wp-json\/wp\/v2\/pages"}],"about":[{"href":"https:\/\/valmoral.org\/site\/wp-json\/wp\/v2\/types\/page"}],"author":[{"embeddable":true,"href":"https:\/\/valmoral.org\/site\/wp-json\/wp\/v2\/users\/2"}],"replies":[{"embeddable":true,"href":"https:\/\/valmoral.org\/site\/wp-json\/wp\/v2\/comments?post=131"}],"version-history":[{"count":201,"href":"https:\/\/valmoral.org\/site\/wp-json\/wp\/v2\/pages\/131\/revisions"}],"predecessor-version":[{"id":2802,"href":"https:\/\/valmoral.org\/site\/wp-json\/wp\/v2\/pages\/131\/revisions\/2802"}],"wp:attachment":[{"href":"https:\/\/valmoral.org\/site\/wp-json\/wp\/v2\/media?parent=131"}],"curies":[{"name":"wp","href":"https:\/\/api.w.org\/{rel}","templated":true}]}}