{"id":135,"date":"2020-09-22T00:05:37","date_gmt":"2020-09-22T00:05:37","guid":{"rendered":"http:\/\/www.valmoral.org\/site\/?page_id=135"},"modified":"2024-04-15T21:11:12","modified_gmt":"2024-04-15T21:11:12","slug":"formacion-en-valores","status":"publish","type":"page","link":"https:\/\/valmoral.org\/site\/formacion-en-valores\/","title":{"rendered":"Formaci\u00f3n en Valores"},"content":{"rendered":"<div class=\"wpb-content-wrapper\"><p>[vc_row row_style=\u00bbfull-width\u00bb padding_size=\u00bbno-padding\u00bb][vc_column padding_size=\u00bbno-padding\u00bb][wyde_section_separator style=\u00bb3&#8243; background_color=\u00bb#ffffff\u00bb shape_color=\u00bbrgba(255,255,255,0.3)\u00bb][\/vc_column][\/vc_row][vc_row el_id=\u00bbin-company\u00bb][vc_column text_align=\u00bbcenter\u00bb width=\u00bb1\/4&#8243;][vc_single_image img_size=\u00bbmedium\u00bb alignment=\u00bbcenter\u00bb image=\u00bb408&#8243;][\/vc_column][vc_column width=\u00bb3\/4&#8243;][wyde_heading style=\u00bb2&#8243; title_tag=\u00bbh4&#8243; title=\u00bbLa Asociaci\u00f3n Hondure\u00f1a al Rescate de los Valores y la Moral\u00bb heading_color=\u00bb#2182c5&#8243; subheading=\u00bbValmoral es el fruto\u00bb][vc_empty_space height=\u00bb15px\u00bb][vc_column_text]<\/p>\r\n<p style=\"text-align: left;\">De varios empresarios que, preocupados por la falta de valores y la facilidad con que se encontraban con casos de pr\u00e1cticas no \u00e9ticas, se dieron a la tarea de dar las herramientas a sus colaboradores y directores para hacer una nueva cultura de los negocios donde reine la \u00e9tica e impere el respeto a los valores.<\/p>\r\n<p>[\/vc_column_text][vc_empty_space][\/vc_column][\/vc_row][vc_row row_style=\u00bbfull-width\u00bb padding_size=\u00bbno-padding\u00bb][vc_column padding_size=\u00bbno-padding\u00bb][wyde_section_separator style=\u00bb3&#8243; reflect=\u00bbreflect-h\u00bb overlap=\u00bbbottom\u00bb background_color=\u00bb#ffffff\u00bb shape_color=\u00bbrgba(255,255,255,0.3)\u00bb][\/vc_column][\/vc_row][vc_row background_mode=\u00bbimage\u00bb background_style=\u00bbrepeat\u00bb background_position=\u00bbleft top\u00bb background_overlay=\u00bbcolor\u00bb overlay_color=\u00bb#ffffff\u00bb overlay_opacity=\u00bb0.5&#8243; background_color=\u00bb#f4fafc\u00bb el_class=\u00bbbgxu\u00bb background_image=\u00bb228&#8243; bg_image_url=\u00bbhttps:\/\/valmoral.org\/site\/wp-content\/uploads\/2020\/09\/bg_pattern_02-1-150&#215;150.jpg\u00bb][vc_column][vc_empty_space height=\u00bb60px\u00bb][vc_row_inner vertical_align=\u00bbmiddle\u00bb][vc_column_inner width=\u00bb1\/2&#8243;][wyde_heading style=\u00bb10&#8243; title=\u00bbIn Company\u00bb heading_color=\u00bb#2182c5&#8243; subheading=\u00bbValmoral\u00bb][vc_column_text]<\/p>\r\n<p>Cada d\u00eda son m\u00e1s las empresas que conf\u00edan en Valmoral como su aliado estrat\u00e9gico para fortalecer y desarrollar una cultura \u00e9tica.<\/p>\r\n<p>[\/vc_column_text][\/vc_column_inner][vc_column_inner width=\u00bb1\/2&#8243;][vc_gutenberg el_class=\u00bbsombra_azul\u00bb]<br \/><iframe class=\"\" style=\"width: 100%; max-width: 100%; height: 450px;\" src=\"https:\/\/online.fliphtml5.com\/kvoz\/npsf\/ \" frameborder=\"0\" allowfullscreen=\"allowfullscreen\"><\/iframe><br \/>[\/vc_gutenberg][\/vc_column_inner][\/vc_row_inner][vc_empty_space height=\u00bb40px\u00bb][\/vc_column][\/vc_row][vc_row row_style=\u00bbfull-width\u00bb padding_size=\u00bbno-padding\u00bb][vc_column padding_size=\u00bbno-padding\u00bb][wyde_section_separator style=\u00bb3&#8243; background_color=\u00bb#ffffff\u00bb shape_color=\u00bbrgba(255,255,255,0.3)\u00bb][\/vc_column][\/vc_row][vc_row][vc_column width=\u00bb1\/2&#8243; css=\u00bb.vc_custom_1604893182995{padding-right: 10% !important;}\u00bb][wyde_heading style=\u00bb10&#8243; title_tag=\u00bbh4&#8243; title=\u00bbEmpresas\u00bb heading_color=\u00bb#2182c5&#8243;][wyde_heading style=\u00bb2&#8243; title_tag=\u00bbp\u00bb title=\u00bbQue forman parte de nuestro programa\u00bb heading_color=\u00bb#262e34&#8243;][vc_empty_space][vc_row_inner][vc_column_inner width=\u00bb1\/4&#8243;][vc_single_image img_size=\u00bbthumbnail\u00bb alignment=\u00bbcenter\u00bb onclick=\u00bbcustom_link\u00bb link_target=\u00bb_blank\u00bb image=\u00bb946&#8243; link=\u00bbhttps:\/\/bancodeoccidente.hn\/\u00bb][\/vc_column_inner][vc_column_inner width=\u00bb1\/4&#8243;][vc_single_image img_size=\u00bbthumbnail\u00bb alignment=\u00bbcenter\u00bb onclick=\u00bbcustom_link\u00bb link_target=\u00bb_blank\u00bb image=\u00bb1729&#8243; link=\u00bbhttps:\/\/www.banpais.hn\u00bb][\/vc_column_inner][vc_column_inner width=\u00bb1\/4&#8243;][vc_single_image img_size=\u00bbthumbnail\u00bb alignment=\u00bbcenter\u00bb onclick=\u00bbcustom_link\u00bb link_target=\u00bb_blank\u00bb image=\u00bb1725&#8243; link=\u00bbhttps:\/\/baprosa.com\u00bb][\/vc_column_inner][vc_column_inner width=\u00bb1\/4&#8243;][vc_single_image img_size=\u00bbthumbnail\u00bb alignment=\u00bbcenter\u00bb onclick=\u00bbcustom_link\u00bb link_target=\u00bb_blank\u00bb image=\u00bb947&#8243; link=\u00bbhttps:\/\/bomohsa.com\/\u00bb][\/vc_column_inner][\/vc_row_inner][vc_empty_space][vc_row_inner][vc_column_inner width=\u00bb1\/4&#8243;][vc_single_image img_size=\u00bbthumbnail\u00bb alignment=\u00bbcenter\u00bb onclick=\u00bbcustom_link\u00bb image=\u00bb1734&#8243; link=\u00bbhttps:\/\/www.comisariatolosandes.com\/tiendasuper\/\u00bb][\/vc_column_inner][vc_column_inner width=\u00bb1\/4&#8243;][vc_single_image img_size=\u00bbthumbnail\u00bb alignment=\u00bbcenter\u00bb onclick=\u00bbcustom_link\u00bb link_target=\u00bb_blank\u00bb image=\u00bb949&#8243; link=\u00bbhttps:\/\/www.conhsapayhsa.com\/new\/\u00bb][\/vc_column_inner][vc_column_inner width=\u00bb1\/4&#8243;][vc_single_image img_size=\u00bbthumbnail\u00bb alignment=\u00bbcenter\u00bb onclick=\u00bbcustom_link\u00bb image=\u00bb1739&#8243; link=\u00bbhttp:\/\/www.cahsa.hn\u00bb][\/vc_column_inner][vc_column_inner width=\u00bb1\/4&#8243;][vc_single_image img_size=\u00bbthumbnail\u00bb alignment=\u00bbcenter\u00bb onclick=\u00bbcustom_link\u00bb link_target=\u00bb_blank\u00bb image=\u00bb246&#8243; link=\u00bbhttp:\/\/enercomhn.com\/\u00bb][\/vc_column_inner][\/vc_row_inner][vc_empty_space][vc_row_inner][vc_column_inner width=\u00bb1\/4&#8243;][vc_single_image img_size=\u00bbthumbnail\u00bb alignment=\u00bbcenter\u00bb onclick=\u00bbcustom_link\u00bb link_target=\u00bb_blank\u00bb image=\u00bb1740&#8243; link=\u00bbhttps:\/\/www.grupoeterna.com\u00bb][\/vc_column_inner][vc_column_inner width=\u00bb1\/4&#8243;][vc_single_image img_size=\u00bbthumbnail\u00bb alignment=\u00bbcenter\u00bb onclick=\u00bbcustom_link\u00bb link_target=\u00bb_blank\u00bb image=\u00bb1741&#8243; link=\u00bbhttps:\/\/www.uno-ca.com\/hn\u00bb][\/vc_column_inner][vc_column_inner width=\u00bb1\/4&#8243;][vc_single_image img_size=\u00bbthumbnail\u00bb alignment=\u00bbcenter\u00bb onclick=\u00bbcustom_link\u00bb link_target=\u00bb_blank\u00bb image=\u00bb952&#8243; link=\u00bbhttps:\/\/www.inmsaargo.com\/\u00bb][\/vc_column_inner][vc_column_inner width=\u00bb1\/4&#8243;][vc_single_image img_size=\u00bbthumbnail\u00bb alignment=\u00bbcenter\u00bb onclick=\u00bbcustom_link\u00bb link_target=\u00bb_blank\u00bb image=\u00bb1751&#8243; link=\u00bbhttps:\/\/aliadas.net\u00bb][\/vc_column_inner][\/vc_row_inner][vc_empty_space][vc_row_inner][vc_column_inner width=\u00bb1\/5&#8243;][vc_single_image img_size=\u00bbthumbnail\u00bb alignment=\u00bbcenter\u00bb onclick=\u00bbcustom_link\u00bb link_target=\u00bb_blank\u00bb image=\u00bb1754&#8243; link=\u00bbhttps:\/\/www.kattangroup.com\u00bb][\/vc_column_inner][vc_column_inner width=\u00bb1\/5&#8243;][vc_single_image img_size=\u00bbthumbnail\u00bb alignment=\u00bbcenter\u00bb onclick=\u00bbcustom_link\u00bb link_target=\u00bb_blank\u00bb image=\u00bb1799&#8243; link=\u00bbhttps:\/\/sogesahn.com\u00bb][\/vc_column_inner][vc_column_inner width=\u00bb1\/5&#8243;][vc_single_image img_size=\u00bbthumbnail\u00bb alignment=\u00bbcenter\u00bb onclick=\u00bbcustom_link\u00bb link_target=\u00bb_blank\u00bb image=\u00bb1745&#8243; link=\u00bbhttps:\/\/sycomhn.com\u00bb][\/vc_column_inner][vc_column_inner width=\u00bb1\/5&#8243;][vc_single_image img_size=\u00bbthumbnail\u00bb alignment=\u00bbcenter\u00bb onclick=\u00bbcustom_link\u00bb link_target=\u00bb_blank\u00bb image=\u00bb1757&#8243; link=\u00bbhttp:\/\/www.telesis.hn\u00bb][\/vc_column_inner][vc_column_inner width=\u00bb1\/5&#8243;][vc_single_image img_size=\u00bbthumbnail\u00bb alignment=\u00bbcenter\u00bb onclick=\u00bbcustom_link\u00bb link_target=\u00bb_blank\u00bb image=\u00bb954&#8243; link=\u00bbhttp:\/\/wis.edu.hn\/\u00bb][\/vc_column_inner][\/vc_row_inner][\/vc_column][vc_column width=\u00bb1\/2&#8243; el_class=\u00bbcuadro\u00bb][wyde_testimonials_slider transition=\u00bbfade\u00bb show_navigation=\u00bbtrue\u00bb posts_query=\u00bborder_by:date|order:DESC|tax_query:5&#8243;][\/vc_column][\/vc_row][vc_row row_style=\u00bbfull-width\u00bb padding_size=\u00bbno-padding\u00bb][vc_column padding_size=\u00bbno-padding\u00bb][wyde_image_gallery image_size=\u00bbaoraki-medium\u00bb gallery_type=\u00bbslider\u00bb visible_items=\u00bb6&#8243; show_navigation=\u00bbtrue\u00bb loop=\u00bbtrue\u00bb images=\u00bb743,744,745,746&#8243;][\/vc_column][\/vc_row][vc_row background_mode=\u00bbimage\u00bb background_overlay=\u00bbcolor\u00bb overlay_color=\u00bb#2182c5&#8243; overlay_opacity=\u00bb0.8&#8243; parallax=\u00bbparallax\u00bb background_image=\u00bb180&#8243; bg_image_url=\u00bbhttps:\/\/valmoral.org\/site\/wp-content\/uploads\/2020\/09\/slide02-150&#215;150.jpg\u00bb el_id=\u00bbcharlas-mensuales\u00bb][vc_column][vc_empty_space height=\u00bb90px\u00bb][vc_row_inner][vc_column_inner text_style=\u00bblight\u00bb width=\u00bb1\/2&#8243;][wyde_heading style=\u00bb10&#8243; title=\u00bbCharlas Mensuales\u00bb heading_color=\u00bb#ffffff\u00bb subheading=\u00bbValmoral\u00bb subheading_color=\u00bb#c3d22c\u00bb][vc_column_text]<\/p>\r\n<p>Todos los meses en Valmoral escogemos, junto a nuestros Benefactores y Aliados, un valor que buscaremos promover mediante diversas actividades e iniciativas. No te pierdas nuestras capacitaciones abiertas a todo p\u00fablico.<\/p>\r\n<p>[\/vc_column_text][vc_empty_space][wyde_link_button icon_set=\u00bbsimple_line\u00bb icon_simple_line=\u00bbsl-call-out\u00bb title=\u00bbSolicitar m\u00e1s informaci\u00f3n\u00bb color=\u00bb#ffffff\u00bb bg_color=\u00bb#55cd6c\u00bb css=\u00bb.vc_custom_1609862485367{background-color: #55cd6c !important;}\u00bb link=\u00bburl:https%3A%2F%2Fwa.me%2F50494840541||target:%20_blank|\u00bb][\/vc_column_inner][vc_column_inner text_style=\u00bblight\u00bb width=\u00bb1\/2&#8243;][wyde_info_box icon=\u00bbfa fa-calendar-o\u00bb icon_size=\u00bbmedium\u00bb icon_position=\u00bbleft\u00bb color=\u00bb#c3d22c\u00bb title=\u00bbAutoestima\u00bb el_class=\u00bbico\u00bb]<\/p>\r\n<h4>Mi\u00e9rcoles 16 de abril a las\u00a006:00 p. m.<\/h4>\r\n<p><em>El principio de muchas cosas buenas. \u00a1Forma parte de ellas!<\/em><\/p>\r\n<p><em>Charla mensual para todo p\u00fablico.<\/em><\/p>\r\n<p>[\/wyde_info_box][wyde_link_button icon=\u00bbfa fa-check-circle\u00bb title=\u00bbCon\u00e9ctate al evento\u00bb color=\u00bb#ffffff\u00bb bg_color=\u00bb#d0880c\u00bb css=\u00bb.vc_custom_1713215306572{margin-top: 15px !important;margin-left: 105px !important;background-color: #2182c5 !important;}\u00bb link=\u00bburl:https%3A%2F%2Fus06web.zoom.us%2Fj%2F84046568840%3Fpwd%3DHJkQGjbEBfw6DdY2MIaFlH2oaQ1ASD.1|||\u00bb][vc_column_text css=\u00bb.vc_custom_1713215400794{margin-top: 15px !important;margin-left: 105px !important;padding-right: 20% !important;}\u00bb]<\/p>\r\n<p><em>Con\u00e9ctate mediante Zoom<\/em><\/p>\r\n<p><em>ID de reuni\u00f3n: 840 4656 8840<\/em><br \/><em>C\u00f3digo de acceso: <\/em>490845<\/p>\r\n<p>[\/vc_column_text][\/vc_column_inner][\/vc_row_inner][vc_empty_space height=\u00bb120px\u00bb][\/vc_column][\/vc_row][vc_row row_style=\u00bbfull-width\u00bb padding_size=\u00bbno-padding\u00bb][vc_column padding_size=\u00bbno-padding\u00bb][wyde_section_separator style=\u00bb2&#8243; background_color=\u00bb#ffffff\u00bb shape_color=\u00bbrgba(255,255,255,0.29)\u00bb][\/vc_column][\/vc_row][vc_row el_id=\u00bbconferencias-magistrales\u00bb][vc_column][vc_row_inner el_id=\u00bbconferencias-magistrales\u00bb][vc_column_inner width=\u00bb3\/4&#8243;][wyde_heading style=\u00bb10&#8243; title=\u00bbConferencias Magistrales\u00bb heading_color=\u00bb#2182c5&#8243; subheading=\u00bbValmoral\u00bb][vc_column_text]<\/p>\r\n<p>Muchos son los campos que se abren al plantearnos crecer y rescatar los valores. Dos veces al a\u00f1o contamos con la participaci\u00f3n de expertos que nos apoyan con sus experiencias en dos campos primordiales y cada vez m\u00e1s necesitados de valores: La empresa y la familia.<\/p>\r\n<p>[\/vc_column_text][\/vc_column_inner][vc_column_inner width=\u00bb1\/4&#8243;][\/vc_column_inner][\/vc_row_inner][wyde_separator label_style=\u00bbicon\u00bb icon=\u00bbfa fa-bullhorn\u00bb text_align=\u00bbcenter\u00bb style=\u00bbdashed\u00bb border_width=\u00bb3px\u00bb el_width=\u00bb60%\u00bb color=\u00bb#c3d22c\u00bb css=\u00bb.vc_custom_1604188179331{margin-top: 65px !important;margin-bottom: 65px !important;}\u00bb][vc_row_inner vertical_align=\u00bbmiddle\u00bb][vc_column_inner width=\u00bb1\/2&#8243;][wyde_heading style=\u00bb10&#8243; title_tag=\u00bbh4&#8243; title=\u00bbConferencias Magistrales\u00bb heading_color=\u00bb#2182c5&#8243;][vc_empty_space height=\u00bb15px\u00bb][vc_column_text]<\/p>\r\n<p>\u00a1Descubre nuestras Conferencias Magistrales! Dos eventos imperdibles al a\u00f1o, uno en abril y otro en octubre, donde abordamos la integraci\u00f3n de valores en la estrategia de las organizaciones. Dirigidas a tomadores de decisiones, nuestras conferencias ofrecen insights y herramientas clave para fortalecer la \u00e9tica empresarial y promover una cultura de valores en el mundo corporativo. \u00a1\u00danete a nosotros en este viaje hacia un liderazgo consciente y transformador!<\/p>\r\n<p>[\/vc_column_text][vc_empty_space][wyde_link_button icon=\u00bbfa fa-check-circle\u00bb title=\u00bbSuscr\u00edbase al evento\u00bb color=\u00bb#ffffff\u00bb bg_color=\u00bb#d0880c\u00bb css=\u00bb.vc_custom_1633975104477{background-color: #2182c5 !important;}\u00bb link=\u00bburl:mailto%3Adirector.valmoral%40valmoral.org|||\u00bb][vc_column_text css=\u00bb.vc_custom_1633975184748{margin-top: 15px !important;padding-right: 35% !important;}\u00bb]<\/p>\r\n<p><em>Suscr\u00edbase con su correo electr\u00f3nico y recibir\u00e1 los datos de conexi\u00f3n tres d\u00edas previo a la conferencia.<\/em><\/p>\r\n<p><em>Tambi\u00e9n puede suscribirse enviando un correo a director.valmoral@valmoral.org<\/em><\/p>\r\n<p>[\/vc_column_text][\/vc_column_inner][vc_column_inner width=\u00bb1\/2&#8243;][vc_single_image alignment=\u00bbcenter\u00bb onclick=\u00bblink_image\u00bb image=\u00bb796&#8243; el_class=\u00bbsombra_azul\u00bb][\/vc_column_inner][\/vc_row_inner][wyde_separator label_style=\u00bbicon\u00bb icon=\u00bbfa fa-bullhorn\u00bb text_align=\u00bbcenter\u00bb style=\u00bbdashed\u00bb border_width=\u00bb3px\u00bb el_width=\u00bb60%\u00bb color=\u00bb#c3d22c\u00bb css=\u00bb.vc_custom_1604188179331{margin-top: 65px !important;margin-bottom: 65px !important;}\u00bb][vc_row_inner vertical_align=\u00bbmiddle\u00bb][vc_column_inner width=\u00bb1\/2&#8243;][wyde_heading style=\u00bb10&#8243; title_tag=\u00bbh4&#8243; title=\u00bbTaller\u00bb heading_color=\u00bb#2182c5&#8243;][vc_empty_space height=\u00bb15px\u00bb][vc_column_text]<\/p>\r\n<p>\u00a1Explora nuestros Talleres! Dos eventos al a\u00f1o, en marzo y septiembre, dise\u00f1ados para todos los colaboradores que desean enfrentar los desaf\u00edos diarios de la organizaci\u00f3n desde una perspectiva centrada en los valores. Descubre estrategias pr\u00e1cticas para resolver retos cotidianos mientras fortaleces tu compromiso con la \u00e9tica y la integridad en el trabajo. \u00a1\u00danete a nosotros en esta jornada de aprendizaje y crecimiento personal y profesional!<\/p>\r\n<p>[\/vc_column_text][vc_empty_space][wyde_link_button icon=\u00bbfa fa-check-circle\u00bb title=\u00bbSuscr\u00edbase al evento\u00bb color=\u00bb#ffffff\u00bb bg_color=\u00bb#d0880c\u00bb css=\u00bb.vc_custom_1605650183510{background-color: #2182c5 !important;}\u00bb][vc_column_text css=\u00bb.vc_custom_1605650267518{margin-top: 15px !important;padding-right: 35% !important;}\u00bb]<\/p>\r\n<p><em>Suscr\u00edbase con su correo electr\u00f3nico y recibir\u00e1 los datos de conexi\u00f3n tres d\u00edas previo a la conferencia<\/em><\/p>\r\n<p>[\/vc_column_text][\/vc_column_inner][vc_column_inner width=\u00bb1\/2&#8243;][vc_single_image alignment=\u00bbcenter\u00bb onclick=\u00bblink_image\u00bb image=\u00bb796&#8243; el_class=\u00bbsombra_azul\u00bb][\/vc_column_inner][\/vc_row_inner][vc_empty_space height=\u00bb60px\u00bb][\/vc_column][\/vc_row]<\/p><\/div>","protected":false},"excerpt":{"rendered":"<p>[vc_row row_style=\u00bbfull-width\u00bb padding_size=\u00bbno-padding\u00bb][vc_column padding_size=\u00bbno-padding\u00bb][wyde_section_separator style=\u00bb3&#8243; background_color=\u00bb#ffffff\u00bb shape_color=\u00bbrgba(255,255,255,0.3)\u00bb][\/vc_column][\/vc_row][vc_row el_id=\u00bbin-company\u00bb][vc_column text_align=\u00bbcenter\u00bb width=\u00bb1\/4&#8243;][vc_single_image img_size=\u00bbmedium\u00bb alignment=\u00bbcenter\u00bb image=\u00bb408&#8243;][\/vc_column][vc_column width=\u00bb3\/4&#8243;][wyde_heading style=\u00bb2&#8243; title_tag=\u00bbh4&#8243; title=\u00bbLa Asociaci\u00f3n Hondure\u00f1a al Rescate de los Valores y la Moral\u00bb heading_color=\u00bb#2182c5&#8243; subheading=\u00bbValmoral es el fruto\u00bb][vc_empty_space height=\u00bb15px\u00bb][vc_column_text] De varios empresarios que, preocupados por la falta de valores y la facilidad con que se encontraban con casos de pr\u00e1cticas no [&hellip;]<\/p>\n","protected":false},"author":2,"featured_media":0,"parent":0,"menu_order":0,"comment_status":"closed","ping_status":"closed","template":"","meta":{"inline_featured_image":false,"advgb_blocks_editor_width":"","advgb_blocks_columns_visual_guide":"","pgc_sgb_lightbox_settings":"","footnotes":""},"class_list":["post-135","page","type-page","status-publish","hentry"],"coauthors":[],"author_meta":{"author_link":"https:\/\/valmoral.org\/site\/author\/admin\/","display_name":"admin"},"relative_dates":{"created":"Publicado 6 a\u00f1os hace","modified":"Actualizado 2 a\u00f1os hace"},"absolute_dates":{"created":"Publicado el 22 de septiembre de 2020","modified":"Actualizado el 15 de abril de 2024"},"absolute_dates_time":{"created":"Publicado el 22 de septiembre de 2020 00:05","modified":"Actualizado el 15 de abril de 2024 21:11"},"featured_img_caption":"","featured_img":false,"series_order":"","_links":{"self":[{"href":"https:\/\/valmoral.org\/site\/wp-json\/wp\/v2\/pages\/135","targetHints":{"allow":["GET"]}}],"collection":[{"href":"https:\/\/valmoral.org\/site\/wp-json\/wp\/v2\/pages"}],"about":[{"href":"https:\/\/valmoral.org\/site\/wp-json\/wp\/v2\/types\/page"}],"author":[{"embeddable":true,"href":"https:\/\/valmoral.org\/site\/wp-json\/wp\/v2\/users\/2"}],"replies":[{"embeddable":true,"href":"https:\/\/valmoral.org\/site\/wp-json\/wp\/v2\/comments?post=135"}],"version-history":[{"count":158,"href":"https:\/\/valmoral.org\/site\/wp-json\/wp\/v2\/pages\/135\/revisions"}],"predecessor-version":[{"id":1997,"href":"https:\/\/valmoral.org\/site\/wp-json\/wp\/v2\/pages\/135\/revisions\/1997"}],"wp:attachment":[{"href":"https:\/\/valmoral.org\/site\/wp-json\/wp\/v2\/media?parent=135"}],"curies":[{"name":"wp","href":"https:\/\/api.w.org\/{rel}","templated":true}]}}