{"id":139,"date":"2020-09-22T00:06:21","date_gmt":"2020-09-22T00:06:21","guid":{"rendered":"http:\/\/www.valmoral.org\/site\/?page_id=139"},"modified":"2024-06-11T17:20:47","modified_gmt":"2024-06-11T17:20:47","slug":"revista","status":"publish","type":"page","link":"https:\/\/valmoral.org\/site\/revista\/","title":{"rendered":"Revista"},"content":{"rendered":"<div class=\"wpb-content-wrapper\"><p>[vc_row row_style=\u00bbfull-width\u00bb padding_size=\u00bbno-padding\u00bb][vc_column padding_size=\u00bbno-padding\u00bb][wyde_section_separator style=\u00bb3&#8243; background_color=\u00bb#ffffff\u00bb shape_color=\u00bbrgba(255,255,255,0.29)\u00bb][\/vc_column][\/vc_row][vc_row padding_size=\u00bbm-padding\u00bb][vc_column text_align=\u00bbcenter\u00bb][wyde_icon_block icon=\u00bbfa fa-bookmark-o\u00bb size=\u00bbmedium\u00bb style=\u00bbnone\u00bb color=\u00bb#2182c5&#8243;][vc_empty_space][wyde_heading style=\u00bb10&#8243; title_tag=\u00bbh4&#8243; text_align=\u00bbcenter\u00bb title=\u00bbAl hablar de \u00e9tica y de valores\u00bb heading_color=\u00bb#2182c5&#8243;][vc_column_text css=\u00bb.vc_custom_1606102624483{padding-right: 20% !important;padding-left: 20% !important;}\u00bb]<\/p>\n<p style=\"text-align: center;\">Estamos haciendo referencia a actitudes vitales, a formas de ser estables y concretar, no s\u00f3lo a comportamientos que ser\u00eda bueno tener. Por este motivo, desde el a\u00f1o 2013, buscamos reconocer a un personaje de nuestra sociedad que haya encarnada un valor de forma excepcional y que nos sirva de ejemplo y modelo a los dem\u00e1s.<\/p>\n<p>[\/vc_column_text][wyde_separator label_style=\u00bbicon\u00bb icon=\u00bbfa fa-bullhorn\u00bb text_align=\u00bbcenter\u00bb style=\u00bbdashed\u00bb border_width=\u00bb3px\u00bb el_width=\u00bb60%\u00bb color=\u00bb#d3d3d3&#8243; css=\u00bb.vc_custom_1605898777943{margin-top: 45px !important;margin-bottom: 45px !important;}\u00bb][vc_raw_html]JTVCcmVhbDNkZmxpcGJvb2slMjBpZCUzRCUyNzElMjclNUQ=[\/vc_raw_html][vc_empty_space][wyde_heading style=\u00bb10&#8243; text_align=\u00bbcenter\u00bb title=\u00bbRevista\u00bb heading_color=\u00bb#2182c5&#8243; subheading=\u00bb2023&#8243;][wyde_separator label_style=\u00bbicon\u00bb icon=\u00bbfa fa-bullhorn\u00bb text_align=\u00bbcenter\u00bb style=\u00bbdashed\u00bb border_width=\u00bb3px\u00bb el_width=\u00bb60%\u00bb color=\u00bb#d3d3d3&#8243; css=\u00bb.vc_custom_1605898777943{margin-top: 45px !important;margin-bottom: 45px !important;}\u00bb][vc_row_inner][vc_column_inner width=\u00bb1\/3&#8243;][vc_single_image alignment=\u00bbcenter\u00bb onclick=\u00bbcustom_link\u00bb link_target=\u00bb_blank\u00bb image=\u00bb2105&#8243; link=\u00bbhttps:\/\/valmoral.org\/site\/?r3d=revista-2022&#8243;][vc_empty_space][wyde_heading style=\u00bb10&#8243; text_align=\u00bbcenter\u00bb title=\u00bbRevista\u00bb heading_color=\u00bb#2182c5&#8243; subheading=\u00bb2022&#8243;][\/vc_column_inner][vc_column_inner width=\u00bb1\/3&#8243;][vc_single_image img_size=\u00bblarge\u00bb alignment=\u00bbcenter\u00bb onclick=\u00bbcustom_link\u00bb link_target=\u00bb_blank\u00bb image=\u00bb2054&#8243; link=\u00bbhttps:\/\/valmoral.org\/site\/?r3d=revista-2020&#8243;][vc_empty_space][wyde_heading style=\u00bb10&#8243; text_align=\u00bbcenter\u00bb title=\u00bbRevista\u00bb heading_color=\u00bb#2182c5&#8243; subheading=\u00bb2020&#8243;][\/vc_column_inner][vc_column_inner width=\u00bb1\/3&#8243;][vc_single_image img_size=\u00bblarge\u00bb alignment=\u00bbcenter\u00bb onclick=\u00bbcustom_link\u00bb link_target=\u00bb_blank\u00bb image=\u00bb2050&#8243; link=\u00bbhttps:\/\/valmoral.org\/site\/?r3d=2019&#8243;][vc_empty_space][wyde_heading style=\u00bb10&#8243; text_align=\u00bbcenter\u00bb title=\u00bbRevista\u00bb heading_color=\u00bb#2182c5&#8243; subheading=\u00bb2019&#8243;][\/vc_column_inner][\/vc_row_inner][wyde_separator text_align=\u00bbcenter\u00bb style=\u00bbdashed\u00bb border_width=\u00bb3px\u00bb el_width=\u00bb60%\u00bb color=\u00bb#d3d3d3&#8243; css=\u00bb.vc_custom_1713230208346{margin-top: 45px !important;margin-bottom: 45px !important;}\u00bb][vc_row_inner][vc_column_inner width=\u00bb1\/3&#8243;][vc_single_image alignment=\u00bbcenter\u00bb onclick=\u00bbcustom_link\u00bb link_target=\u00bb_blank\u00bb image=\u00bb2224&#8243; link=\u00bbhttps:\/\/valmoral.org\/site\/flipbook\/revista-2018\/\u00bb][vc_empty_space][wyde_heading style=\u00bb10&#8243; text_align=\u00bbcenter\u00bb title=\u00bbRevista\u00bb heading_color=\u00bb#2182c5&#8243; subheading=\u00bb2018&#8243;][\/vc_column_inner][vc_column_inner width=\u00bb1\/3&#8243;][vc_single_image img_size=\u00bblarge\u00bb alignment=\u00bbcenter\u00bb onclick=\u00bbcustom_link\u00bb link_target=\u00bb_blank\u00bb image=\u00bb2274&#8243; link=\u00bbhttps:\/\/valmoral.org\/site\/flipbook\/revista-2017\/\u00bb][vc_empty_space][wyde_heading style=\u00bb10&#8243; text_align=\u00bbcenter\u00bb title=\u00bbRevista\u00bb heading_color=\u00bb#2182c5&#8243; subheading=\u00bb2017&#8243;][\/vc_column_inner][vc_column_inner width=\u00bb1\/3&#8243;][vc_single_image img_size=\u00bblarge\u00bb alignment=\u00bbcenter\u00bb onclick=\u00bbcustom_link\u00bb link_target=\u00bb_blank\u00bb image=\u00bb2354&#8243; link=\u00bbhttps:\/\/valmoral.org\/site\/flipbook\/revista-2016\/\u00bb][vc_empty_space][wyde_heading style=\u00bb10&#8243; text_align=\u00bbcenter\u00bb title=\u00bbRevista\u00bb heading_color=\u00bb#2182c5&#8243; subheading=\u00bb2016&#8243;][\/vc_column_inner][\/vc_row_inner][\/vc_column][\/vc_row][vc_row row_style=\u00bbfull-width\u00bb padding_size=\u00bbno-padding\u00bb][vc_column padding_size=\u00bbno-padding\u00bb][wyde_section_separator style=\u00bb3&#8243; reflect=\u00bbreflect-h\u00bb overlap=\u00bbbottom\u00bb background_color=\u00bb#ffffff\u00bb shape_color=\u00bbrgba(255,255,255,0.29)\u00bb][\/vc_column][\/vc_row][vc_row background_mode=\u00bbimage\u00bb background_style=\u00bbrepeat\u00bb background_position=\u00bbleft top\u00bb background_overlay=\u00bbcolor\u00bb overlay_color=\u00bb#ffffff\u00bb overlay_opacity=\u00bb0.2&#8243; background_color=\u00bb#f4fafc\u00bb background_image=\u00bb228&#8243; bg_image_url=\u00bbhttps:\/\/valmoral.org\/site\/wp-content\/uploads\/2020\/09\/bg_pattern_02-1-150&#215;150.jpg\u00bb el_class=\u00bbbgxu\u00bb][vc_column][vc_empty_space height=\u00bb60px\u00bb][vc_row_inner][vc_column_inner width=\u00bb1\/3&#8243;][vc_single_image alignment=\u00bbcenter\u00bb onclick=\u00bbcustom_link\u00bb link_target=\u00bb_blank\u00bb image=\u00bb2527&#8243; link=\u00bbhttps:\/\/valmoral.org\/site\/flipbook\/revista-2015\/\u00bb][vc_empty_space][wyde_heading style=\u00bb10&#8243; text_align=\u00bbcenter\u00bb title=\u00bbRevista\u00bb heading_color=\u00bb#2182c5&#8243; subheading=\u00bb2015&#8243;][\/vc_column_inner][vc_column_inner width=\u00bb1\/3&#8243;][vc_single_image alignment=\u00bbcenter\u00bb onclick=\u00bbcustom_link\u00bb link_target=\u00bb_blank\u00bb image=\u00bb2493&#8243; link=\u00bbhttps:\/\/valmoral.org\/site\/?post_type=r3d&amp;p=2525&amp;preview=true\u00bb][vc_empty_space][wyde_heading style=\u00bb10&#8243; text_align=\u00bbcenter\u00bb title=\u00bbRevista\u00bb heading_color=\u00bb#2182c5&#8243; subheading=\u00bb2014&#8243;][\/vc_column_inner][vc_column_inner width=\u00bb1\/3&#8243;][vc_single_image alignment=\u00bbcenter\u00bb onclick=\u00bbcustom_link\u00bb link_target=\u00bb_blank\u00bb image=\u00bb2461&#8243; link=\u00bbhttps:\/\/valmoral.org\/site\/flipbook\/revista-2013\/\u00bb][vc_empty_space][wyde_heading style=\u00bb10&#8243; text_align=\u00bbcenter\u00bb title=\u00bbRevista\u00bb heading_color=\u00bb#2182c5&#8243; subheading=\u00bb2013&#8243;][\/vc_column_inner][\/vc_row_inner][\/vc_column][\/vc_row][vc_row row_style=\u00bbfull-width\u00bb padding_size=\u00bbno-padding\u00bb][vc_column padding_size=\u00bbno-padding\u00bb][wyde_section_separator style=\u00bb3&#8243; background_color=\u00bb#ffffff\u00bb shape_color=\u00bbrgba(255,255,255,0.41)\u00bb][\/vc_column][\/vc_row][vc_row background_mode=\u00bbcolor\u00bb background_color=\u00bb#ffffff\u00bb el_class=\u00bbbgxu\u00bb][vc_column][vc_row_inner][vc_column_inner width=\u00bb1\/3&#8243;][vc_single_image alignment=\u00bbcenter\u00bb onclick=\u00bbcustom_link\u00bb link_target=\u00bb_blank\u00bb image=\u00bb1385&#8243; link=\u00bbhttp:\/\/online.fliphtml5.com\/kvoz\/dkih\/\u00bb][vc_empty_space][wyde_heading style=\u00bb10&#8243; text_align=\u00bbcenter\u00bb title=\u00bbRevista\u00bb heading_color=\u00bb#2182c5&#8243; subheading=\u00bb2013&#8243;][vc_custom_heading text=\u00bbPrimer semestre\u00bb font_container=\u00bbtag:h4|font_size:15px|text_align:center|color:%232182c5&#8243; use_theme_fonts=\u00bbyes\u00bb][\/vc_column_inner][vc_column_inner width=\u00bb1\/3&#8243;][vc_single_image alignment=\u00bbcenter\u00bb onclick=\u00bbcustom_link\u00bb link_target=\u00bb_blank\u00bb image=\u00bb1384&#8243; link=\u00bbhttp:\/\/online.fliphtml5.com\/kvoz\/rpal\/\u00bb][vc_empty_space][wyde_heading style=\u00bb10&#8243; text_align=\u00bbcenter\u00bb title=\u00bbRevista\u00bb heading_color=\u00bb#2182c5&#8243; subheading=\u00bb2012&#8243;][\/vc_column_inner][vc_column_inner width=\u00bb1\/3&#8243;][\/vc_column_inner][\/vc_row_inner][\/vc_column][\/vc_row]<\/p>\n<\/div>","protected":false},"excerpt":{"rendered":"<p>[vc_row row_style=\u00bbfull-width\u00bb padding_size=\u00bbno-padding\u00bb][vc_column padding_size=\u00bbno-padding\u00bb][wyde_section_separator style=\u00bb3&#8243; background_color=\u00bb#ffffff\u00bb shape_color=\u00bbrgba(255,255,255,0.29)\u00bb][\/vc_column][\/vc_row][vc_row padding_size=\u00bbm-padding\u00bb][vc_column text_align=\u00bbcenter\u00bb][wyde_icon_block icon=\u00bbfa fa-bookmark-o\u00bb size=\u00bbmedium\u00bb style=\u00bbnone\u00bb color=\u00bb#2182c5&#8243;][vc_empty_space][wyde_heading style=\u00bb10&#8243; title_tag=\u00bbh4&#8243; text_align=\u00bbcenter\u00bb title=\u00bbAl hablar de \u00e9tica y de valores\u00bb heading_color=\u00bb#2182c5&#8243;][vc_column_text css=\u00bb.vc_custom_1606102624483{padding-right: 20% !important;padding-left: 20% !important;}\u00bb] Estamos haciendo referencia a actitudes vitales, a formas de ser estables y concretar, no s\u00f3lo a comportamientos que ser\u00eda bueno tener. Por este motivo, desde [&hellip;]<\/p>\n","protected":false},"author":2,"featured_media":0,"parent":0,"menu_order":0,"comment_status":"closed","ping_status":"closed","template":"","meta":{"inline_featured_image":false,"advgb_blocks_editor_width":"","advgb_blocks_columns_visual_guide":"","pgc_sgb_lightbox_settings":"","footnotes":""},"class_list":["post-139","page","type-page","status-publish","hentry"],"coauthors":[],"author_meta":{"author_link":"https:\/\/valmoral.org\/site\/author\/admin\/","display_name":"admin"},"relative_dates":{"created":"Publicado 6 a\u00f1os hace","modified":"Actualizado 2 a\u00f1os hace"},"absolute_dates":{"created":"Publicado el 22 de septiembre de 2020","modified":"Actualizado el 11 de junio de 2024"},"absolute_dates_time":{"created":"Publicado el 22 de septiembre de 2020 00:06","modified":"Actualizado el 11 de junio de 2024 17:20"},"featured_img_caption":"","featured_img":false,"series_order":"","_links":{"self":[{"href":"https:\/\/valmoral.org\/site\/wp-json\/wp\/v2\/pages\/139","targetHints":{"allow":["GET"]}}],"collection":[{"href":"https:\/\/valmoral.org\/site\/wp-json\/wp\/v2\/pages"}],"about":[{"href":"https:\/\/valmoral.org\/site\/wp-json\/wp\/v2\/types\/page"}],"author":[{"embeddable":true,"href":"https:\/\/valmoral.org\/site\/wp-json\/wp\/v2\/users\/2"}],"replies":[{"embeddable":true,"href":"https:\/\/valmoral.org\/site\/wp-json\/wp\/v2\/comments?post=139"}],"version-history":[{"count":70,"href":"https:\/\/valmoral.org\/site\/wp-json\/wp\/v2\/pages\/139\/revisions"}],"predecessor-version":[{"id":2528,"href":"https:\/\/valmoral.org\/site\/wp-json\/wp\/v2\/pages\/139\/revisions\/2528"}],"wp:attachment":[{"href":"https:\/\/valmoral.org\/site\/wp-json\/wp\/v2\/media?parent=139"}],"curies":[{"name":"wp","href":"https:\/\/api.w.org\/{rel}","templated":true}]}}